{"id":6,"date":"2015-01-08T22:49:56","date_gmt":"2015-01-08T22:49:56","guid":{"rendered":"http:\/\/salon-petra.com\/?page_id=6"},"modified":"2015-01-11T16:05:01","modified_gmt":"2015-01-11T16:05:01","slug":"start","status":"publish","type":"page","link":"https:\/\/salon-petra.com\/","title":{"rendered":"Start"},"content":{"rendered":"<p style=\"text-align: center;\"><a href=\"https:\/\/salon-petra.com\/wp-content\/uploads\/2015\/01\/Start.gif\"><img loading=\"lazy\" decoding=\"async\" class=\" size-medium wp-image-58 alignleft\" src=\"https:\/\/salon-petra.com\/wp-content\/uploads\/2015\/01\/Start-203x300.gif\" alt=\"Start\" width=\"203\" height=\"300\" \/><\/a>Sch\u00f6n, dass Sie uns auf unserer Seite besuchen&#8230;<\/p>\n<p style=\"text-align: center;\">Herzlich Willkommen!<\/p>\n<p style=\"text-align: center;\">Wollen Sie f\u00fcr Sich das Beste vom Besten?<br \/>\nHaben Sie Lust auf Ver\u00e4nderung?<\/p>\n<p style=\"text-align: center;\">\u2026 Mit unserer Erfahrung und unserer Kreativit\u00e4t unterstreichen\u00a0Sie Ihren\u00a0ganz pers\u00f6nlichem Stil!<\/p>\n","protected":false},"excerpt":{"rendered":"<p>Sch\u00f6n, dass Sie uns auf unserer Seite besuchen&#8230; Herzlich Willkommen! Wollen Sie f\u00fcr Sich das Beste vom Besten? Haben Sie Lust auf Ver\u00e4nderung? \u2026 Mit unserer Erfahrung und unserer Kreativit\u00e4t unterstreichen\u00a0Sie Ihren\u00a0ganz pers\u00f6nlichem Stil!<\/p>\n","protected":false},"author":1,"featured_media":0,"parent":0,"menu_order":0,"comment_status":"closed","ping_status":"closed","template":"","meta":{"ngg_post_thumbnail":0,"footnotes":""},"_links":{"self":[{"href":"https:\/\/salon-petra.com\/index.php?rest_route=\/wp\/v2\/pages\/6"}],"collection":[{"href":"https:\/\/salon-petra.com\/index.php?rest_route=\/wp\/v2\/pages"}],"about":[{"href":"https:\/\/salon-petra.com\/index.php?rest_route=\/wp\/v2\/types\/page"}],"author":[{"embeddable":true,"href":"https:\/\/salon-petra.com\/index.php?rest_route=\/wp\/v2\/users\/1"}],"replies":[{"embeddable":true,"href":"https:\/\/salon-petra.com\/index.php?rest_route=%2Fwp%2Fv2%2Fcomments&post=6"}],"version-history":[{"count":9,"href":"https:\/\/salon-petra.com\/index.php?rest_route=\/wp\/v2\/pages\/6\/revisions"}],"predecessor-version":[{"id":372,"href":"https:\/\/salon-petra.com\/index.php?rest_route=\/wp\/v2\/pages\/6\/revisions\/372"}],"wp:attachment":[{"href":"https:\/\/salon-petra.com\/index.php?rest_route=%2Fwp%2Fv2%2Fmedia&parent=6"}],"curies":[{"name":"wp","href":"https:\/\/api.w.org\/{rel}","templated":true}]}}