{"id":110,"date":"2015-01-11T20:52:21","date_gmt":"2015-01-11T20:52:21","guid":{"rendered":"http:\/\/salon-petra.com\/?page_id=110"},"modified":"2016-08-21T09:52:01","modified_gmt":"2016-08-21T09:52:01","slug":"frisoer","status":"publish","type":"page","link":"https:\/\/salon-petra.com\/?page_id=110","title":{"rendered":"Fris\u00f6r"},"content":{"rendered":"<p style=\"text-align: center;\">Wir sind Fris\u00f6r mit Leidenschaft<br \/>\nf\u00fcr Damen, Herren u. Kinder<br \/>\nund legen gr\u00f6\u00dften Wert auf:<br \/>\n# Beste Beratung<br \/>\n# Typ gerechte Schnitte<br \/>\n# Perfekte Farbver\u00e4nderungen &amp; Reflexe<br \/>\n# Spezielle Umformungen u. Volumengebung<br \/>\n# Klassischer Bart- &amp; Rasierservice<\/p>\n","protected":false},"excerpt":{"rendered":"<p>Wir sind Fris\u00f6r mit Leidenschaft f\u00fcr Damen, Herren u. Kinder und legen gr\u00f6\u00dften Wert auf: # Beste Beratung # Typ gerechte Schnitte # Perfekte Farbver\u00e4nderungen &amp; Reflexe # Spezielle Umformungen u. Volumengebung # Klassischer Bart- &amp; Rasierservice<\/p>\n","protected":false},"author":1,"featured_media":0,"parent":0,"menu_order":0,"comment_status":"closed","ping_status":"closed","template":"","meta":{"ngg_post_thumbnail":0,"footnotes":""},"_links":{"self":[{"href":"https:\/\/salon-petra.com\/index.php?rest_route=\/wp\/v2\/pages\/110"}],"collection":[{"href":"https:\/\/salon-petra.com\/index.php?rest_route=\/wp\/v2\/pages"}],"about":[{"href":"https:\/\/salon-petra.com\/index.php?rest_route=\/wp\/v2\/types\/page"}],"author":[{"embeddable":true,"href":"https:\/\/salon-petra.com\/index.php?rest_route=\/wp\/v2\/users\/1"}],"replies":[{"embeddable":true,"href":"https:\/\/salon-petra.com\/index.php?rest_route=%2Fwp%2Fv2%2Fcomments&post=110"}],"version-history":[{"count":4,"href":"https:\/\/salon-petra.com\/index.php?rest_route=\/wp\/v2\/pages\/110\/revisions"}],"predecessor-version":[{"id":212,"href":"https:\/\/salon-petra.com\/index.php?rest_route=\/wp\/v2\/pages\/110\/revisions\/212"}],"wp:attachment":[{"href":"https:\/\/salon-petra.com\/index.php?rest_route=%2Fwp%2Fv2%2Fmedia&parent=110"}],"curies":[{"name":"wp","href":"https:\/\/api.w.org\/{rel}","templated":true}]}}